{"id":3409,"date":"2025-06-06T23:08:53","date_gmt":"2025-06-06T23:08:53","guid":{"rendered":"https:\/\/rancheriautta.com\/search-availability\/"},"modified":"2025-07-23T21:32:04","modified_gmt":"2025-07-23T21:32:04","slug":"buscar-disponibilidad","status":"publish","type":"page","link":"https:\/\/rancheriautta.com\/en\/buscar-disponibilidad\/","title":{"rendered":"Buscar disponibilidad"},"content":{"rendered":"\t\t<div data-elementor-type=\"wp-page\" data-elementor-id=\"3409\" class=\"elementor elementor-3409\" data-elementor-post-type=\"page\">\n\t\t\t\t<div class=\"elementor-element elementor-element-d898d42 e-flex e-con-boxed e-con e-parent\" data-id=\"d898d42\" data-element_type=\"container\" data-e-type=\"container\" data-settings=\"{&quot;background_background&quot;:&quot;classic&quot;}\">\n\t\t\t\t\t<div class=\"e-con-inner\">\n\t\t<div class=\"elementor-element elementor-element-dd57905 e-con-full e-flex e-con e-child\" data-id=\"dd57905\" data-element_type=\"container\" data-e-type=\"container\">\n\t\t\t\t<div class=\"elementor-element elementor-element-eaba100 elementor-widget elementor-widget-heading\" data-id=\"eaba100\" data-element_type=\"widget\" data-e-type=\"widget\" data-widget_type=\"heading.default\">\n\t\t\t\t<div class=\"elementor-widget-container\">\n\t\t\t\t\t<h1 class=\"elementor-heading-title elementor-size-default\">Encuentra tu espacio ideal<\/h1>\t\t\t\t<\/div>\n\t\t\t\t<\/div>\n\t\t\t\t<div class=\"elementor-element elementor-element-42fe5c0 elementor-widget elementor-widget-heading\" data-id=\"42fe5c0\" data-element_type=\"widget\" data-e-type=\"widget\" data-widget_type=\"heading.default\">\n\t\t\t\t<div class=\"elementor-widget-container\">\n\t\t\t\t\t<h2 class=\"elementor-heading-title elementor-size-default\">Descubre alojamientos aut\u00e9nticos que combinan tradici\u00f3n, confort y la magia del Cabo de la Vela<\/h2>\t\t\t\t<\/div>\n\t\t\t\t<\/div>\n\t\t\t\t<\/div>\n\t\t\t\t\t<\/div>\n\t\t\t\t<\/div>\n\t\t<div class=\"elementor-element elementor-element-ea63f05 e-flex e-con-boxed e-con e-parent\" data-id=\"ea63f05\" data-element_type=\"container\" data-e-type=\"container\" id=\"barra-busqueda\" data-settings=\"{&quot;background_background&quot;:&quot;classic&quot;}\">\n\t\t\t\t\t<div class=\"e-con-inner\">\n\t\t\t\t<div class=\"elementor-element elementor-element-a411952 elementor-widget elementor-widget-mphbe-search-form\" data-id=\"a411952\" data-element_type=\"widget\" data-e-type=\"widget\" data-settings=\"{&quot;stretch_btn&quot;:&quot;yes&quot;,&quot;hide_labels&quot;:&quot;no&quot;,&quot;no_paddings&quot;:&quot;no&quot;,&quot;hide_tips&quot;:&quot;no&quot;,&quot;multiple_lines&quot;:&quot;no&quot;}\" data-widget_type=\"mphbe-search-form.default\">\n\t\t\t\t<div class=\"elementor-widget-container\">\n\t\t\t\t\t<div class=\"mphb_sc_search-wrapper is-style-horizontal-form mphbs-fluid-button Bucador-alojamientos\">\n<form method=\"GET\" class=\"mphb_sc_search-form\" action=\"https:\/\/rancheriautta.com\/en\/buscar-disponibilidad\/\" data-first_available_check_in_date=\"2026-05-02\">\n\n\t<p class = \"mphb-required-fields-tip\">\n\t<small>\n\t\tRequired fields are followed by\t\t<abbr title=\"required\">*<\/abbr>\n\t<\/small>\n<\/p>\n\n\t<p class=\"mphb_sc_search-check-in-date\">\n\t\t<label for=\"mphb_check_in_date-mphb-search-form-69f5a88240f39\">\n\t\t\tCheck-in\t\t\t<abbr title=\"Formatted as dd\/mm\/yyyy\">*<\/abbr>\n\t\t<\/label>\n\t\t<br \/>\n\t\t<input\n\t\t\tid=\"mphb_check_in_date-mphb-search-form-69f5a88240f39\"\n\t\t\tdata-datepick-group=\"mphb-search-form-69f5a88240f39\"\n\t\t\tvalue=\"\"\n\t\t\tplaceholder=\"Check-in Date\"\n\t\t\trequired=\"required\"\n\t\t\ttype=\"text\"\n\t\t\tinputmode=\"none\"\n\t\t\tname=\"mphb_check_in_date\"\n\t\t\tclass=\"mphb-datepick\"\n\t\t\tautocomplete=\"off\"\n\t\t\t\/>\n\t<\/p>\n\n\t<p class=\"mphb_sc_search-check-out-date\">\n\t\t<label for=\"mphb_check_out_date-mphb-search-form-69f5a88240f39\">\n\t\t\tCheck-out\t\t\t<abbr title=\"Formatted as dd\/mm\/yyyy\">*<\/abbr>\n\t\t<\/label>\n\t\t<br \/>\n\t\t<input\n\t\t\tid=\"mphb_check_out_date-mphb-search-form-69f5a88240f39\"\n\t\t\tdata-datepick-group=\"mphb-search-form-69f5a88240f39\"\n\t\t\tvalue=\"\"\n\t\t\tplaceholder=\"Check-out Date\"\n\t\t\trequired=\"required\"\n\t\t\ttype=\"text\"\n\t\t\tinputmode=\"none\"\n\t\t\tname=\"mphb_check_out_date\"\n\t\t\tclass=\"mphb-datepick\"\n\t\t\tautocomplete=\"off\"\n\t\t\t\/>\n\t<\/p>\n\n\t\t\t<p class=\"mphb_sc_search-adults\">\n\t\t\t<label for=\"mphb_adults-mphb-search-form-69f5a88240f39\">\n\t\t\t\tAdults\t\t\t<\/label>\n\t\t\t<br \/>\n\t\t\t<select id=\"mphb_adults-mphb-search-form-69f5a88240f39\" name=\"mphb_adults\" >\n\t\t\t\t\t\t\t\t\t<option value=\"1\" >1<\/option>\n\t\t\t\t\t\t\t\t\t<option value=\"2\"  selected='selected'>2<\/option>\n\t\t\t\t\t\t\t\t\t<option value=\"3\" >3<\/option>\n\t\t\t\t\t\t\t\t\t<option value=\"4\" >4<\/option>\n\t\t\t\t\t\t\t\t\t<option value=\"5\" >5<\/option>\n\t\t\t\t\t\t\t\t\t<option value=\"6\" >6<\/option>\n\t\t\t\t\t\t\t\t\t<option value=\"7\" >7<\/option>\n\t\t\t\t\t\t\t\t\t<option value=\"8\" >8<\/option>\n\t\t\t\t\t\t\t\t\t<option value=\"9\" >9<\/option>\n\t\t\t\t\t\t\t\t\t<option value=\"10\" >10<\/option>\n\t\t\t\t\t\t\t\t\t<option value=\"11\" >11<\/option>\n\t\t\t\t\t\t\t\t\t<option value=\"12\" >12<\/option>\n\t\t\t\t\t\t\t\t\t<option value=\"13\" >13<\/option>\n\t\t\t\t\t\t\t\t\t<option value=\"14\" >14<\/option>\n\t\t\t\t\t\t\t\t\t<option value=\"15\" >15<\/option>\n\t\t\t\t\t\t\t\t\t<option value=\"16\" >16<\/option>\n\t\t\t\t\t\t\t\t\t<option value=\"17\" >17<\/option>\n\t\t\t\t\t\t\t\t\t<option value=\"18\" >18<\/option>\n\t\t\t\t\t\t\t\t\t<option value=\"19\" >19<\/option>\n\t\t\t\t\t\t\t\t\t<option value=\"20\" >20<\/option>\n\t\t\t\t\t\t\t<\/select>\n\t\t<\/p>\n\t\n\t\t\t<p class=\"mphb_sc_search-children\">\n\t\t\t<label for=\"mphb_children-mphb-search-form-69f5a88240f39\">\n\t\t\t\tChildren 3 a\u00f1os\t\t\t<\/label>\n\t\t\t<br \/>\n\t\t\t<select id=\"mphb_children-mphb-search-form-69f5a88240f39\" name=\"mphb_children\">\n\t\t\t\t\t\t\t\t\t<option value=\"0\"  selected='selected'>0<\/option>\n\t\t\t\t\t\t\t\t\t<option value=\"1\" >1<\/option>\n\t\t\t\t\t\t\t\t\t<option value=\"2\" >2<\/option>\n\t\t\t\t\t\t\t\t\t<option value=\"3\" >3<\/option>\n\t\t\t\t\t\t\t\t\t<option value=\"4\" >4<\/option>\n\t\t\t\t\t\t\t\t\t<option value=\"5\" >5<\/option>\n\t\t\t\t\t\t\t\t\t<option value=\"6\" >6<\/option>\n\t\t\t\t\t\t\t\t\t<option value=\"7\" >7<\/option>\n\t\t\t\t\t\t\t\t\t<option value=\"8\" >8<\/option>\n\t\t\t\t\t\t\t\t\t<option value=\"9\" >9<\/option>\n\t\t\t\t\t\t\t\t\t<option value=\"10\" >10<\/option>\n\t\t\t\t\t\t\t<\/select>\n\t\t<\/p>\n\t\n\t\n\t\t\t<p class=\"mphb_sc_search-tipo\">\n\t\t\t<label for=\"mphb_tipo-mphb-search-form-69f5a88240f39\">\n\t\t\t\tTipo\t\t\t<\/label>\n\t\t\t<br \/>\n\t\t\t<select id=\"mphb_tipo-mphb-search-form-69f5a88240f39\" name=\"mphb_attributes[tipo]\">\n\t\t\t\t<option value=\"\">Tipo de hospedaje<\/option>\n\t\t\t\t\t\t\t\t\t<option value=\"70\">Caba\u00f1a<\/option>\n\t\t\t\t\t\t\t\t\t<option value=\"71\">Enramada<\/option>\n\t\t\t\t\t\t\t\t\t<option value=\"72\">Plan<\/option>\n\t\t\t\t\t\t\t<\/select>\n\t\t<\/p>\n\t\t\t<p class=\"mphb_sc_search-ocupacion-minima\">\n\t\t\t<label for=\"mphb_ocupacion-minima-mphb-search-form-69f5a88240f39\">\n\t\t\t\tCapacidad\t\t\t<\/label>\n\t\t\t<br \/>\n\t\t\t<select id=\"mphb_ocupacion-minima-mphb-search-form-69f5a88240f39\" name=\"mphb_attributes[ocupacion-minima]\">\n\t\t\t\t<option value=\"\">Personas<\/option>\n\t\t\t\t\t\t\t\t\t<option value=\"65\">1 persona<\/option>\n\t\t\t\t\t\t\t\t\t<option value=\"66\">2 personas<\/option>\n\t\t\t\t\t\t\t\t\t<option value=\"76\">3 personas<\/option>\n\t\t\t\t\t\t\t\t\t<option value=\"68\">4 personas<\/option>\n\t\t\t\t\t\t\t\t\t<option value=\"69\">5 personas<\/option>\n\t\t\t\t\t\t\t\t\t<option value=\"77\">6 personas<\/option>\n\t\t\t\t\t\t\t<\/select>\n\t\t<\/p>\n\t\n\t<input id=\"mphb_check_in_date-mphb-search-form-69f5a88240f39-hidden\" value=\"\" type=\"hidden\" name=\"mphb_check_in_date\" \/><input id=\"mphb_check_out_date-mphb-search-form-69f5a88240f39-hidden\" value=\"\" type=\"hidden\" name=\"mphb_check_out_date\" \/>\n\t<p class=\"mphb_sc_search-submit-button-wrapper\">\n\t\t<input type=\"submit\" class=\"button\" value=\"Search\"\/>\n\t<\/p>\n\n\t\n<\/form>\n<\/div>\t\t\t\t<\/div>\n\t\t\t\t<\/div>\n\t\t\t\t\t<\/div>\n\t\t\t\t<\/div>\n\t\t<div class=\"elementor-element elementor-element-864180f e-flex e-con-boxed e-con e-parent\" data-id=\"864180f\" data-element_type=\"container\" data-e-type=\"container\" id=\"resultados\">\n\t\t\t\t\t<div class=\"e-con-inner\">\n\t\t\t\t<div class=\"elementor-element elementor-element-a856e69 elementor-widget elementor-widget-shortcode\" data-id=\"a856e69\" data-element_type=\"widget\" data-e-type=\"widget\" data-widget_type=\"shortcode.default\">\n\t\t\t\t<div class=\"elementor-widget-container\">\n\t\t\t\t\t\t\t<div class=\"elementor-shortcode\"><div class=\"mphb_sc_search_results-wrapper \"><div class=\"mphb-errors-wrapper\">\n\t<\/div>\n<\/div><\/div>\n\t\t\t\t\t\t<\/div>\n\t\t\t\t<\/div>\n\t\t\t\t<div class=\"elementor-element elementor-element-79fd4aa elementor-widget elementor-widget-html\" data-id=\"79fd4aa\" data-element_type=\"widget\" data-e-type=\"widget\" data-widget_type=\"html.default\">\n\t\t\t\t<div class=\"elementor-widget-container\">\n\t\t\t\t\t<script>\n  document.addEventListener(\"DOMContentLoaded\", function () {\n    const target = document.querySelector(\"p.mphb-empty-cart-message\");\n    if (target) {\n      const heading = document.createElement(\"h2\");\n      heading.textContent = \"OTRAS OPCIONES DISPONIBLES\";\n      target.parentNode.insertBefore(heading, target);\n    }\n  });\n<\/script>\t\t\t\t<\/div>\n\t\t\t\t<\/div>\n\t\t\t\t\t<\/div>\n\t\t\t\t<\/div>\n\t\t\t\t<\/div>\n\t\t","protected":false},"excerpt":{"rendered":"<p>Encuentra tu espacio ideal Descubre alojamientos aut\u00e9nticos que combinan tradici\u00f3n, confort y la magia del Cabo de la Vela Los campos obligatorios son seguidos por * D\u00eda de llegada * D\u00eda de salida * N\u00famero de Adultos 1234567891011121314151617181920 Ni\u00f1os 3 a\u00f1os 012345678910 Tipo Tipo de hospedajeCaba\u00f1aEnramadaPlan Capacidad Personas1 persona2 personas3 personas4 personas5 personas6 personas8 personasGrupos [&hellip;]<\/p>\n","protected":false},"author":1,"featured_media":0,"parent":0,"menu_order":0,"comment_status":"closed","ping_status":"closed","template":"","meta":{"_acf_changed":false,"site-sidebar-layout":"default","site-content-layout":"","ast-site-content-layout":"default","site-content-style":"default","site-sidebar-style":"default","ast-global-header-display":"","ast-banner-title-visibility":"","ast-main-header-display":"","ast-hfb-above-header-display":"","ast-hfb-below-header-display":"","ast-hfb-mobile-header-display":"","site-post-title":"","ast-breadcrumbs-content":"","ast-featured-img":"","footer-sml-layout":"","theme-transparent-header-meta":"","adv-header-id-meta":"","stick-header-meta":"","header-above-stick-meta":"","header-main-stick-meta":"","header-below-stick-meta":"","astra-migrate-meta-layouts":"default","ast-page-background-enabled":"default","ast-page-background-meta":{"desktop":{"background-color":"var(--ast-global-color-5)","background-image":"","background-repeat":"repeat","background-position":"center center","background-size":"auto","background-attachment":"scroll","background-type":"","background-media":"","overlay-type":"","overlay-color":"","overlay-opacity":"","overlay-gradient":""},"tablet":{"background-color":"","background-image":"","background-repeat":"repeat","background-position":"center center","background-size":"auto","background-attachment":"scroll","background-type":"","background-media":"","overlay-type":"","overlay-color":"","overlay-opacity":"","overlay-gradient":""},"mobile":{"background-color":"","background-image":"","background-repeat":"repeat","background-position":"center center","background-size":"auto","background-attachment":"scroll","background-type":"","background-media":"","overlay-type":"","overlay-color":"","overlay-opacity":"","overlay-gradient":""}},"ast-content-background-meta":{"desktop":{"background-color":"var(--ast-global-color-4)","background-image":"","background-repeat":"repeat","background-position":"center center","background-size":"auto","background-attachment":"scroll","background-type":"","background-media":"","overlay-type":"","overlay-color":"","overlay-opacity":"","overlay-gradient":""},"tablet":{"background-color":"var(--ast-global-color-4)","background-image":"","background-repeat":"repeat","background-position":"center center","background-size":"auto","background-attachment":"scroll","background-type":"","background-media":"","overlay-type":"","overlay-color":"","overlay-opacity":"","overlay-gradient":""},"mobile":{"background-color":"var(--ast-global-color-4)","background-image":"","background-repeat":"repeat","background-position":"center center","background-size":"auto","background-attachment":"scroll","background-type":"","background-media":"","overlay-type":"","overlay-color":"","overlay-opacity":"","overlay-gradient":""}},"footnotes":""},"class_list":["post-3409","page","type-page","status-publish","hentry"],"acf":[],"yoast_head":"<!-- This site is optimized with the Yoast SEO plugin v27.5 - https:\/\/yoast.com\/product\/yoast-seo-wordpress\/ -->\n<title>Buscar disponibilidad - rancheriautta.com<\/title>\n<meta name=\"robots\" content=\"index, follow, max-snippet:-1, max-image-preview:large, max-video-preview:-1\" \/>\n<link rel=\"canonical\" href=\"https:\/\/rancheriautta.com\/en\/buscar-disponibilidad\/\" \/>\n<meta property=\"og:locale\" content=\"en_US\" \/>\n<meta property=\"og:type\" content=\"article\" \/>\n<meta property=\"og:title\" content=\"Buscar disponibilidad - rancheriautta.com\" \/>\n<meta property=\"og:description\" content=\"Encuentra tu espacio ideal Descubre alojamientos aut\u00e9nticos que combinan tradici\u00f3n, confort y la magia del Cabo de la Vela Los campos obligatorios son seguidos por * D\u00eda de llegada * D\u00eda de salida * N\u00famero de Adultos 1234567891011121314151617181920 Ni\u00f1os 3 a\u00f1os 012345678910 Tipo Tipo de hospedajeCaba\u00f1aEnramadaPlan Capacidad Personas1 persona2 personas3 personas4 personas5 personas6 personas8 personasGrupos [&hellip;]\" \/>\n<meta property=\"og:url\" content=\"https:\/\/rancheriautta.com\/en\/buscar-disponibilidad\/\" \/>\n<meta property=\"og:site_name\" content=\"rancheriautta.com\" \/>\n<meta property=\"article:publisher\" content=\"https:\/\/www.facebook.com\/Rancheriautta\/\" \/>\n<meta property=\"article:modified_time\" content=\"2025-07-23T21:32:04+00:00\" \/>\n<meta property=\"og:image\" content=\"https:\/\/rancheriautta.com\/wp-content\/uploads\/2025\/07\/enramada-hospedaje-rancheria-utta-13.webp\" \/>\n\t<meta property=\"og:image:width\" content=\"1440\" \/>\n\t<meta property=\"og:image:height\" content=\"1024\" \/>\n\t<meta property=\"og:image:type\" content=\"image\/webp\" \/>\n<meta name=\"twitter:card\" content=\"summary_large_image\" \/>\n<meta name=\"twitter:label1\" content=\"Est. reading time\" \/>\n\t<meta name=\"twitter:data1\" content=\"1 minute\" \/>\n<script type=\"application\/ld+json\" class=\"yoast-schema-graph\">{\"@context\":\"https:\\\/\\\/schema.org\",\"@graph\":[{\"@type\":\"WebPage\",\"@id\":\"https:\\\/\\\/rancheriautta.com\\\/buscar-disponibilidad\\\/\",\"url\":\"https:\\\/\\\/rancheriautta.com\\\/buscar-disponibilidad\\\/\",\"name\":\"Buscar disponibilidad - rancheriautta.com\",\"isPartOf\":{\"@id\":\"https:\\\/\\\/rancheriautta.com\\\/#website\"},\"datePublished\":\"2025-06-06T23:08:53+00:00\",\"dateModified\":\"2025-07-23T21:32:04+00:00\",\"breadcrumb\":{\"@id\":\"https:\\\/\\\/rancheriautta.com\\\/buscar-disponibilidad\\\/#breadcrumb\"},\"inLanguage\":\"en-US\",\"potentialAction\":[{\"@type\":\"ReadAction\",\"target\":[\"https:\\\/\\\/rancheriautta.com\\\/buscar-disponibilidad\\\/\"]}]},{\"@type\":\"BreadcrumbList\",\"@id\":\"https:\\\/\\\/rancheriautta.com\\\/buscar-disponibilidad\\\/#breadcrumb\",\"itemListElement\":[{\"@type\":\"ListItem\",\"position\":1,\"name\":\"Portada\",\"item\":\"https:\\\/\\\/rancheriautta.com\\\/\"},{\"@type\":\"ListItem\",\"position\":2,\"name\":\"Buscar disponibilidad\"}]},{\"@type\":\"WebSite\",\"@id\":\"https:\\\/\\\/rancheriautta.com\\\/#website\",\"url\":\"https:\\\/\\\/rancheriautta.com\\\/\",\"name\":\"Rancher\u00eda Utta - Cabo de la Vela, Guajira.\",\"description\":\"Vive el etnoturismo Wayuu en el Cabo de la Vela. Una experiencia aut\u00e9ntica de hospedaje, cultura y conexi\u00f3n ancestral.\",\"publisher\":{\"@id\":\"https:\\\/\\\/rancheriautta.com\\\/#organization\"},\"alternateName\":\"Rancher\u00eda Utta\",\"potentialAction\":[{\"@type\":\"SearchAction\",\"target\":{\"@type\":\"EntryPoint\",\"urlTemplate\":\"https:\\\/\\\/rancheriautta.com\\\/?s={search_term_string}\"},\"query-input\":{\"@type\":\"PropertyValueSpecification\",\"valueRequired\":true,\"valueName\":\"search_term_string\"}}],\"inLanguage\":\"en-US\"},{\"@type\":\"Organization\",\"@id\":\"https:\\\/\\\/rancheriautta.com\\\/#organization\",\"name\":\"Rancheria Utta\",\"url\":\"https:\\\/\\\/rancheriautta.com\\\/\",\"logo\":{\"@type\":\"ImageObject\",\"inLanguage\":\"en-US\",\"@id\":\"https:\\\/\\\/rancheriautta.com\\\/#\\\/schema\\\/logo\\\/image\\\/\",\"url\":\"https:\\\/\\\/rancheriautta.com\\\/wp-content\\\/uploads\\\/2025\\\/06\\\/logo-rancheria-utta-small.png\",\"contentUrl\":\"https:\\\/\\\/rancheriautta.com\\\/wp-content\\\/uploads\\\/2025\\\/06\\\/logo-rancheria-utta-small.png\",\"width\":300,\"height\":204,\"caption\":\"Rancheria Utta\"},\"image\":{\"@id\":\"https:\\\/\\\/rancheriautta.com\\\/#\\\/schema\\\/logo\\\/image\\\/\"},\"sameAs\":[\"https:\\\/\\\/www.facebook.com\\\/Rancheriautta\\\/\",\"https:\\\/\\\/www.tripadvisor.co\\\/Hotel_Review-g12033670-d2335174-Reviews-Rancheria_Utta-Cabo_de_La_Vela_La_Guajira_Department.html\",\"https:\\\/\\\/www.instagram.com\\\/rancheriautta\\\/\"]}]}<\/script>\n<!-- \/ Yoast SEO plugin. -->","yoast_head_json":{"title":"Buscar disponibilidad - rancheriautta.com","robots":{"index":"index","follow":"follow","max-snippet":"max-snippet:-1","max-image-preview":"max-image-preview:large","max-video-preview":"max-video-preview:-1"},"canonical":"https:\/\/rancheriautta.com\/en\/buscar-disponibilidad\/","og_locale":"en_US","og_type":"article","og_title":"Buscar disponibilidad - rancheriautta.com","og_description":"Encuentra tu espacio ideal Descubre alojamientos aut\u00e9nticos que combinan tradici\u00f3n, confort y la magia del Cabo de la Vela Los campos obligatorios son seguidos por * D\u00eda de llegada * D\u00eda de salida * N\u00famero de Adultos 1234567891011121314151617181920 Ni\u00f1os 3 a\u00f1os 012345678910 Tipo Tipo de hospedajeCaba\u00f1aEnramadaPlan Capacidad Personas1 persona2 personas3 personas4 personas5 personas6 personas8 personasGrupos [&hellip;]","og_url":"https:\/\/rancheriautta.com\/en\/buscar-disponibilidad\/","og_site_name":"rancheriautta.com","article_publisher":"https:\/\/www.facebook.com\/Rancheriautta\/","article_modified_time":"2025-07-23T21:32:04+00:00","og_image":[{"width":1440,"height":1024,"url":"https:\/\/rancheriautta.com\/wp-content\/uploads\/2025\/07\/enramada-hospedaje-rancheria-utta-13.webp","type":"image\/webp"}],"twitter_card":"summary_large_image","twitter_misc":{"Est. reading time":"1 minute"},"schema":{"@context":"https:\/\/schema.org","@graph":[{"@type":"WebPage","@id":"https:\/\/rancheriautta.com\/buscar-disponibilidad\/","url":"https:\/\/rancheriautta.com\/buscar-disponibilidad\/","name":"Buscar disponibilidad - rancheriautta.com","isPartOf":{"@id":"https:\/\/rancheriautta.com\/#website"},"datePublished":"2025-06-06T23:08:53+00:00","dateModified":"2025-07-23T21:32:04+00:00","breadcrumb":{"@id":"https:\/\/rancheriautta.com\/buscar-disponibilidad\/#breadcrumb"},"inLanguage":"en-US","potentialAction":[{"@type":"ReadAction","target":["https:\/\/rancheriautta.com\/buscar-disponibilidad\/"]}]},{"@type":"BreadcrumbList","@id":"https:\/\/rancheriautta.com\/buscar-disponibilidad\/#breadcrumb","itemListElement":[{"@type":"ListItem","position":1,"name":"Portada","item":"https:\/\/rancheriautta.com\/"},{"@type":"ListItem","position":2,"name":"Buscar disponibilidad"}]},{"@type":"WebSite","@id":"https:\/\/rancheriautta.com\/#website","url":"https:\/\/rancheriautta.com\/","name":"Rancher\u00eda Utta - Cabo de la Vela, Guajira.","description":"Vive el etnoturismo Wayuu en el Cabo de la Vela. Una experiencia aut\u00e9ntica de hospedaje, cultura y conexi\u00f3n ancestral.","publisher":{"@id":"https:\/\/rancheriautta.com\/#organization"},"alternateName":"Rancher\u00eda Utta","potentialAction":[{"@type":"SearchAction","target":{"@type":"EntryPoint","urlTemplate":"https:\/\/rancheriautta.com\/?s={search_term_string}"},"query-input":{"@type":"PropertyValueSpecification","valueRequired":true,"valueName":"search_term_string"}}],"inLanguage":"en-US"},{"@type":"Organization","@id":"https:\/\/rancheriautta.com\/#organization","name":"Rancheria Utta","url":"https:\/\/rancheriautta.com\/","logo":{"@type":"ImageObject","inLanguage":"en-US","@id":"https:\/\/rancheriautta.com\/#\/schema\/logo\/image\/","url":"https:\/\/rancheriautta.com\/wp-content\/uploads\/2025\/06\/logo-rancheria-utta-small.png","contentUrl":"https:\/\/rancheriautta.com\/wp-content\/uploads\/2025\/06\/logo-rancheria-utta-small.png","width":300,"height":204,"caption":"Rancheria Utta"},"image":{"@id":"https:\/\/rancheriautta.com\/#\/schema\/logo\/image\/"},"sameAs":["https:\/\/www.facebook.com\/Rancheriautta\/","https:\/\/www.tripadvisor.co\/Hotel_Review-g12033670-d2335174-Reviews-Rancheria_Utta-Cabo_de_La_Vela_La_Guajira_Department.html","https:\/\/www.instagram.com\/rancheriautta\/"]}]}},"_links":{"self":[{"href":"https:\/\/rancheriautta.com\/en\/wp-json\/wp\/v2\/pages\/3409","targetHints":{"allow":["GET"]}}],"collection":[{"href":"https:\/\/rancheriautta.com\/en\/wp-json\/wp\/v2\/pages"}],"about":[{"href":"https:\/\/rancheriautta.com\/en\/wp-json\/wp\/v2\/types\/page"}],"author":[{"embeddable":true,"href":"https:\/\/rancheriautta.com\/en\/wp-json\/wp\/v2\/users\/1"}],"replies":[{"embeddable":true,"href":"https:\/\/rancheriautta.com\/en\/wp-json\/wp\/v2\/comments?post=3409"}],"version-history":[{"count":39,"href":"https:\/\/rancheriautta.com\/en\/wp-json\/wp\/v2\/pages\/3409\/revisions"}],"predecessor-version":[{"id":8419,"href":"https:\/\/rancheriautta.com\/en\/wp-json\/wp\/v2\/pages\/3409\/revisions\/8419"}],"wp:attachment":[{"href":"https:\/\/rancheriautta.com\/en\/wp-json\/wp\/v2\/media?parent=3409"}],"curies":[{"name":"wp","href":"https:\/\/api.w.org\/{rel}","templated":true}]}}