{"id":3484,"date":"2025-06-11T22:05:14","date_gmt":"2025-06-11T22:05:14","guid":{"rendered":"https:\/\/rancheriautta.com\/?page_id=3484"},"modified":"2025-06-14T00:51:16","modified_gmt":"2025-06-14T00:51:16","slug":"pagina-de-reserva-confirmada","status":"publish","type":"page","link":"https:\/\/rancheriautta.com\/en\/pagina-de-reserva-confirmada\/","title":{"rendered":"P\u00e1gina de reserva confirmada"},"content":{"rendered":"<div data-elementor-type=\"wp-page\" data-elementor-id=\"3484\" class=\"elementor elementor-3484\" data-elementor-post-type=\"page\">\n\t\t\t\t<div class=\"elementor-element elementor-element-37f8358 e-flex e-con-boxed e-con e-parent\" data-id=\"37f8358\" data-element_type=\"container\" data-e-type=\"container\" data-settings=\"{&quot;background_background&quot;:&quot;classic&quot;}\">\n\t\t\t\t\t<div class=\"e-con-inner\">\n\t\t\t\t<div class=\"elementor-element elementor-element-be9dc3f elementor-widget elementor-widget-heading\" data-id=\"be9dc3f\" data-element_type=\"widget\" data-e-type=\"widget\" data-widget_type=\"heading.default\">\n\t\t\t\t<div class=\"elementor-widget-container\">\n\t\t\t\t\t<h1 class=\"elementor-heading-title elementor-size-default\">Tu reserva <\/h1>\t\t\t\t<\/div>\n\t\t\t\t<\/div>\n\t\t\t\t<div class=\"elementor-element elementor-element-2c034b4 elementor-widget elementor-widget-heading\" data-id=\"2c034b4\" data-element_type=\"widget\" data-e-type=\"widget\" data-widget_type=\"heading.default\">\n\t\t\t\t<div class=\"elementor-widget-container\">\n\t\t\t\t\t<h2 class=\"elementor-heading-title elementor-size-default\">ha sido confirmada<\/h2>\t\t\t\t<\/div>\n\t\t\t\t<\/div>\n\t\t\t\t\t<\/div>\n\t\t\t\t<\/div>\n\t\t<div class=\"elementor-element elementor-element-732c47b6 e-flex e-con-boxed e-con e-parent\" data-id=\"732c47b6\" data-element_type=\"container\" data-e-type=\"container\">\n\t\t\t\t\t<div class=\"e-con-inner\">\n\t\t\t\t<div class=\"elementor-element elementor-element-72e4142 elementor-widget elementor-widget-shortcode\" data-id=\"72e4142\" data-element_type=\"widget\" data-e-type=\"widget\" data-widget_type=\"shortcode.default\">\n\t\t\t\t<div class=\"elementor-widget-container\">\n\t\t\t\t\t\t\t<div class=\"elementor-shortcode\"><div class=\"mphb_sc_booking_confirmation\"><\/div><\/div>\n\t\t\t\t\t\t<\/div>\n\t\t\t\t<\/div>\n\t\t\t\t\t<\/div>\n\t\t\t\t<\/div>\n\t\t\t\t<\/div>","protected":false},"excerpt":{"rendered":"<p>Tu reserva ha sido confirmada<\/p>","protected":false},"author":1,"featured_media":0,"parent":0,"menu_order":0,"comment_status":"closed","ping_status":"closed","template":"","meta":{"_acf_changed":false,"site-sidebar-layout":"default","site-content-layout":"","ast-site-content-layout":"default","site-content-style":"default","site-sidebar-style":"default","ast-global-header-display":"","ast-banner-title-visibility":"","ast-main-header-display":"","ast-hfb-above-header-display":"","ast-hfb-below-header-display":"","ast-hfb-mobile-header-display":"","site-post-title":"","ast-breadcrumbs-content":"","ast-featured-img":"","footer-sml-layout":"","theme-transparent-header-meta":"","adv-header-id-meta":"","stick-header-meta":"","header-above-stick-meta":"","header-main-stick-meta":"","header-below-stick-meta":"","astra-migrate-meta-layouts":"default","ast-page-background-enabled":"default","ast-page-background-meta":{"desktop":{"background-color":"var(--ast-global-color-5)","background-image":"","background-repeat":"repeat","background-position":"center center","background-size":"auto","background-attachment":"scroll","background-type":"","background-media":"","overlay-type":"","overlay-color":"","overlay-opacity":"","overlay-gradient":""},"tablet":{"background-color":"","background-image":"","background-repeat":"repeat","background-position":"center center","background-size":"auto","background-attachment":"scroll","background-type":"","background-media":"","overlay-type":"","overlay-color":"","overlay-opacity":"","overlay-gradient":""},"mobile":{"background-color":"","background-image":"","background-repeat":"repeat","background-position":"center center","background-size":"auto","background-attachment":"scroll","background-type":"","background-media":"","overlay-type":"","overlay-color":"","overlay-opacity":"","overlay-gradient":""}},"ast-content-background-meta":{"desktop":{"background-color":"var(--ast-global-color-4)","background-image":"","background-repeat":"repeat","background-position":"center center","background-size":"auto","background-attachment":"scroll","background-type":"","background-media":"","overlay-type":"","overlay-color":"","overlay-opacity":"","overlay-gradient":""},"tablet":{"background-color":"var(--ast-global-color-4)","background-image":"","background-repeat":"repeat","background-position":"center center","background-size":"auto","background-attachment":"scroll","background-type":"","background-media":"","overlay-type":"","overlay-color":"","overlay-opacity":"","overlay-gradient":""},"mobile":{"background-color":"var(--ast-global-color-4)","background-image":"","background-repeat":"repeat","background-position":"center center","background-size":"auto","background-attachment":"scroll","background-type":"","background-media":"","overlay-type":"","overlay-color":"","overlay-opacity":"","overlay-gradient":""}},"footnotes":""},"class_list":["post-3484","page","type-page","status-publish","hentry"],"acf":[],"yoast_head":"<!-- This site is optimized with the Yoast SEO plugin v27.5 - https:\/\/yoast.com\/product\/yoast-seo-wordpress\/ -->\n<title>P\u00e1gina de reserva confirmada - rancheriautta.com<\/title>\n<meta name=\"robots\" content=\"index, follow, max-snippet:-1, max-image-preview:large, max-video-preview:-1\" \/>\n<link rel=\"canonical\" href=\"https:\/\/rancheriautta.com\/en\/pagina-de-reserva-confirmada\/\" \/>\n<meta property=\"og:locale\" content=\"en_US\" \/>\n<meta property=\"og:type\" content=\"article\" \/>\n<meta property=\"og:title\" content=\"P\u00e1gina de reserva confirmada - rancheriautta.com\" \/>\n<meta property=\"og:description\" content=\"Tu reserva ha sido confirmada\" \/>\n<meta property=\"og:url\" content=\"https:\/\/rancheriautta.com\/en\/pagina-de-reserva-confirmada\/\" \/>\n<meta property=\"og:site_name\" content=\"rancheriautta.com\" \/>\n<meta property=\"article:publisher\" content=\"https:\/\/www.facebook.com\/Rancheriautta\/\" \/>\n<meta property=\"article:modified_time\" content=\"2025-06-14T00:51:16+00:00\" \/>\n<meta property=\"og:image\" content=\"https:\/\/rancheriautta.com\/wp-content\/uploads\/2025\/07\/enramada-hospedaje-rancheria-utta-13.webp\" \/>\n\t<meta property=\"og:image:width\" content=\"1440\" \/>\n\t<meta property=\"og:image:height\" content=\"1024\" \/>\n\t<meta property=\"og:image:type\" content=\"image\/webp\" \/>\n<meta name=\"twitter:card\" content=\"summary_large_image\" \/>\n<script type=\"application\/ld+json\" class=\"yoast-schema-graph\">{\"@context\":\"https:\\\/\\\/schema.org\",\"@graph\":[{\"@type\":\"WebPage\",\"@id\":\"https:\\\/\\\/rancheriautta.com\\\/pagina-de-reserva-confirmada\\\/\",\"url\":\"https:\\\/\\\/rancheriautta.com\\\/pagina-de-reserva-confirmada\\\/\",\"name\":\"P\u00e1gina de reserva confirmada - rancheriautta.com\",\"isPartOf\":{\"@id\":\"https:\\\/\\\/rancheriautta.com\\\/#website\"},\"datePublished\":\"2025-06-11T22:05:14+00:00\",\"dateModified\":\"2025-06-14T00:51:16+00:00\",\"breadcrumb\":{\"@id\":\"https:\\\/\\\/rancheriautta.com\\\/pagina-de-reserva-confirmada\\\/#breadcrumb\"},\"inLanguage\":\"en-US\",\"potentialAction\":[{\"@type\":\"ReadAction\",\"target\":[\"https:\\\/\\\/rancheriautta.com\\\/pagina-de-reserva-confirmada\\\/\"]}]},{\"@type\":\"BreadcrumbList\",\"@id\":\"https:\\\/\\\/rancheriautta.com\\\/pagina-de-reserva-confirmada\\\/#breadcrumb\",\"itemListElement\":[{\"@type\":\"ListItem\",\"position\":1,\"name\":\"Portada\",\"item\":\"https:\\\/\\\/rancheriautta.com\\\/\"},{\"@type\":\"ListItem\",\"position\":2,\"name\":\"P\u00e1gina de reserva confirmada\"}]},{\"@type\":\"WebSite\",\"@id\":\"https:\\\/\\\/rancheriautta.com\\\/#website\",\"url\":\"https:\\\/\\\/rancheriautta.com\\\/\",\"name\":\"Rancher\u00eda Utta - Cabo de la Vela, Guajira.\",\"description\":\"Vive el etnoturismo Wayuu en el Cabo de la Vela. Una experiencia aut\u00e9ntica de hospedaje, cultura y conexi\u00f3n ancestral.\",\"publisher\":{\"@id\":\"https:\\\/\\\/rancheriautta.com\\\/#organization\"},\"alternateName\":\"Rancher\u00eda Utta\",\"potentialAction\":[{\"@type\":\"SearchAction\",\"target\":{\"@type\":\"EntryPoint\",\"urlTemplate\":\"https:\\\/\\\/rancheriautta.com\\\/?s={search_term_string}\"},\"query-input\":{\"@type\":\"PropertyValueSpecification\",\"valueRequired\":true,\"valueName\":\"search_term_string\"}}],\"inLanguage\":\"en-US\"},{\"@type\":\"Organization\",\"@id\":\"https:\\\/\\\/rancheriautta.com\\\/#organization\",\"name\":\"Rancheria Utta\",\"url\":\"https:\\\/\\\/rancheriautta.com\\\/\",\"logo\":{\"@type\":\"ImageObject\",\"inLanguage\":\"en-US\",\"@id\":\"https:\\\/\\\/rancheriautta.com\\\/#\\\/schema\\\/logo\\\/image\\\/\",\"url\":\"https:\\\/\\\/rancheriautta.com\\\/wp-content\\\/uploads\\\/2025\\\/06\\\/logo-rancheria-utta-small.png\",\"contentUrl\":\"https:\\\/\\\/rancheriautta.com\\\/wp-content\\\/uploads\\\/2025\\\/06\\\/logo-rancheria-utta-small.png\",\"width\":300,\"height\":204,\"caption\":\"Rancheria Utta\"},\"image\":{\"@id\":\"https:\\\/\\\/rancheriautta.com\\\/#\\\/schema\\\/logo\\\/image\\\/\"},\"sameAs\":[\"https:\\\/\\\/www.facebook.com\\\/Rancheriautta\\\/\",\"https:\\\/\\\/www.tripadvisor.co\\\/Hotel_Review-g12033670-d2335174-Reviews-Rancheria_Utta-Cabo_de_La_Vela_La_Guajira_Department.html\",\"https:\\\/\\\/www.instagram.com\\\/rancheriautta\\\/\"]}]}<\/script>\n<!-- \/ Yoast SEO plugin. -->","yoast_head_json":{"title":"P\u00e1gina de reserva confirmada - rancheriautta.com","robots":{"index":"index","follow":"follow","max-snippet":"max-snippet:-1","max-image-preview":"max-image-preview:large","max-video-preview":"max-video-preview:-1"},"canonical":"https:\/\/rancheriautta.com\/en\/pagina-de-reserva-confirmada\/","og_locale":"en_US","og_type":"article","og_title":"P\u00e1gina de reserva confirmada - rancheriautta.com","og_description":"Tu reserva ha sido confirmada","og_url":"https:\/\/rancheriautta.com\/en\/pagina-de-reserva-confirmada\/","og_site_name":"rancheriautta.com","article_publisher":"https:\/\/www.facebook.com\/Rancheriautta\/","article_modified_time":"2025-06-14T00:51:16+00:00","og_image":[{"width":1440,"height":1024,"url":"https:\/\/rancheriautta.com\/wp-content\/uploads\/2025\/07\/enramada-hospedaje-rancheria-utta-13.webp","type":"image\/webp"}],"twitter_card":"summary_large_image","schema":{"@context":"https:\/\/schema.org","@graph":[{"@type":"WebPage","@id":"https:\/\/rancheriautta.com\/pagina-de-reserva-confirmada\/","url":"https:\/\/rancheriautta.com\/pagina-de-reserva-confirmada\/","name":"P\u00e1gina de reserva confirmada - rancheriautta.com","isPartOf":{"@id":"https:\/\/rancheriautta.com\/#website"},"datePublished":"2025-06-11T22:05:14+00:00","dateModified":"2025-06-14T00:51:16+00:00","breadcrumb":{"@id":"https:\/\/rancheriautta.com\/pagina-de-reserva-confirmada\/#breadcrumb"},"inLanguage":"en-US","potentialAction":[{"@type":"ReadAction","target":["https:\/\/rancheriautta.com\/pagina-de-reserva-confirmada\/"]}]},{"@type":"BreadcrumbList","@id":"https:\/\/rancheriautta.com\/pagina-de-reserva-confirmada\/#breadcrumb","itemListElement":[{"@type":"ListItem","position":1,"name":"Portada","item":"https:\/\/rancheriautta.com\/"},{"@type":"ListItem","position":2,"name":"P\u00e1gina de reserva confirmada"}]},{"@type":"WebSite","@id":"https:\/\/rancheriautta.com\/#website","url":"https:\/\/rancheriautta.com\/","name":"Rancher\u00eda Utta - Cabo de la Vela, Guajira.","description":"Vive el etnoturismo Wayuu en el Cabo de la Vela. Una experiencia aut\u00e9ntica de hospedaje, cultura y conexi\u00f3n ancestral.","publisher":{"@id":"https:\/\/rancheriautta.com\/#organization"},"alternateName":"Rancher\u00eda Utta","potentialAction":[{"@type":"SearchAction","target":{"@type":"EntryPoint","urlTemplate":"https:\/\/rancheriautta.com\/?s={search_term_string}"},"query-input":{"@type":"PropertyValueSpecification","valueRequired":true,"valueName":"search_term_string"}}],"inLanguage":"en-US"},{"@type":"Organization","@id":"https:\/\/rancheriautta.com\/#organization","name":"Rancheria Utta","url":"https:\/\/rancheriautta.com\/","logo":{"@type":"ImageObject","inLanguage":"en-US","@id":"https:\/\/rancheriautta.com\/#\/schema\/logo\/image\/","url":"https:\/\/rancheriautta.com\/wp-content\/uploads\/2025\/06\/logo-rancheria-utta-small.png","contentUrl":"https:\/\/rancheriautta.com\/wp-content\/uploads\/2025\/06\/logo-rancheria-utta-small.png","width":300,"height":204,"caption":"Rancheria Utta"},"image":{"@id":"https:\/\/rancheriautta.com\/#\/schema\/logo\/image\/"},"sameAs":["https:\/\/www.facebook.com\/Rancheriautta\/","https:\/\/www.tripadvisor.co\/Hotel_Review-g12033670-d2335174-Reviews-Rancheria_Utta-Cabo_de_La_Vela_La_Guajira_Department.html","https:\/\/www.instagram.com\/rancheriautta\/"]}]}},"_links":{"self":[{"href":"https:\/\/rancheriautta.com\/en\/wp-json\/wp\/v2\/pages\/3484","targetHints":{"allow":["GET"]}}],"collection":[{"href":"https:\/\/rancheriautta.com\/en\/wp-json\/wp\/v2\/pages"}],"about":[{"href":"https:\/\/rancheriautta.com\/en\/wp-json\/wp\/v2\/types\/page"}],"author":[{"embeddable":true,"href":"https:\/\/rancheriautta.com\/en\/wp-json\/wp\/v2\/users\/1"}],"replies":[{"embeddable":true,"href":"https:\/\/rancheriautta.com\/en\/wp-json\/wp\/v2\/comments?post=3484"}],"version-history":[{"count":0,"href":"https:\/\/rancheriautta.com\/en\/wp-json\/wp\/v2\/pages\/3484\/revisions"}],"wp:attachment":[{"href":"https:\/\/rancheriautta.com\/en\/wp-json\/wp\/v2\/media?parent=3484"}],"curies":[{"name":"wp","href":"https:\/\/api.w.org\/{rel}","templated":true}]}}